{"id":1033,"date":"2025-09-23T08:09:09","date_gmt":"2025-09-23T08:09:09","guid":{"rendered":"https:\/\/transitainer.com\/legal-notice\/"},"modified":"2025-09-23T11:30:09","modified_gmt":"2025-09-23T11:30:09","slug":"legal-notice","status":"publish","type":"page","link":"https:\/\/transitainer.com\/fr\/legal-notice\/","title":{"rendered":"Mentions l\u00e9gales"},"content":{"rendered":"<h1 data-start=\"235\" data-end=\"253\">Mentions l\u00e9gales<\/h1>\n<p data-start=\"255\" data-end=\"361\">Ce site web a \u00e9t\u00e9 cr\u00e9\u00e9 par\u00a0<strong data-start=\"282\" data-end=\"303\">TRANSITAINER S.A.<\/strong>\u00a0\u00e0 titre informatif, pour un usage personnel et gratuit.<\/p>\n<h3 data-start=\"363\" data-end=\"390\">a) Utilisation licite<\/h3>\n<p data-start=\"391\" data-end=\"1061\">L\u2019utilisateur de ce site web et de ses services s\u2019engage \u00e0 en faire un usage conforme \u00e0 la loi et aux usages loyaux, et s\u2019abstiendra d\u2019utiliser le site et ses services \u00e0 des fins ou effets illicites ou pr\u00e9judiciables aux droits et int\u00e9r\u00eats de tiers, ou qui pourraient de quelque mani\u00e8re que ce soit endommager, rendre inutilisable, surcharger ou d\u00e9t\u00e9riorer le site et les services, ou emp\u00eacher l\u2019utilisation ou la jouissance normales du site et des services par les autres utilisateurs. Toute personne qui enfreint cette obligation sera responsable, envers\u00a0<strong data-start=\"948\" data-end=\"969\">TRANSITAINER S.A.<\/strong>\u00a0et envers des tiers, de tout dommage pouvant r\u00e9sulter du non-respect de cette obligation.<\/p>\n<h3 data-start=\"1063\" data-end=\"1092\">b) Garantie des erreurs<\/h3>\n<p data-start=\"1093\" data-end=\"1449\"><strong data-start=\"1093\" data-end=\"1114\">TRANSITAINER S.A.<\/strong>\u00a0ne garantit pas l\u2019absence d\u2019erreurs dans l\u2019acc\u00e8s au site, ni dans son contenu ; dans le cas o\u00f9 des publications officielles seraient cit\u00e9es ou reproduites, cette reproduction n\u2019a qu\u2019un caract\u00e8re purement informatif et la publication dans le bulletin ou la source officielle correspondante doit \u00eatre consid\u00e9r\u00e9e comme la seule valide.<\/p>\n<h3 data-start=\"1451\" data-end=\"1484\">c) Disponibilit\u00e9 du service<\/h3>\n<p data-start=\"1485\" data-end=\"1688\"><strong data-start=\"1485\" data-end=\"1506\">TRANSITAINER S.A.<\/strong>\u00a0se r\u00e9serve le droit d\u2019effectuer, \u00e0 tout moment et sans pr\u00e9avis, des modifications et mises \u00e0 jour des informations contenues sur son site ou dans sa configuration ou pr\u00e9sentation.<\/p>\n<p data-start=\"1690\" data-end=\"1941\"><strong data-start=\"1690\" data-end=\"1711\">TRANSITAINER S.A.<\/strong>\u00a0ne garantit pas la disponibilit\u00e9 et la continuit\u00e9 du fonctionnement du site et des services. Lorsque cela est raisonnablement possible, les interruptions de fonctionnement du site et des services seront pr\u00e9alablement signal\u00e9es.<\/p>\n<p data-start=\"1943\" data-end=\"2447\"><strong data-start=\"1943\" data-end=\"1964\">TRANSITAINER S.A.<\/strong>\u00a0d\u00e9cline toute responsabilit\u00e9 pour les dommages de toute nature qui pourraient r\u00e9sulter du manque de disponibilit\u00e9 ou de continuit\u00e9 du fonctionnement du site et des services, de l\u2019insatisfaction quant \u00e0 l\u2019utilit\u00e9 que les utilisateurs auraient pu attribuer au site et aux services, de la faillibilit\u00e9 du site et des services, et en particulier, bien que non exclusivement, des d\u00e9faillances d\u2019acc\u00e8s aux diff\u00e9rentes pages web ou \u00e0 celles \u00e0 partir desquelles les services sont fournis.<\/p>\n<h3 data-start=\"2449\" data-end=\"2521\">d) Responsabilit\u00e9 quant \u00e0 l\u2019utilisation des informations contenues<\/h3>\n<p data-start=\"2522\" data-end=\"3254\">L\u2019utilisateur reconna\u00eet et accepte volontairement que l\u2019utilisation du site, des services et des contenus se fait en tout \u00e9tat de cause sous sa seule et unique responsabilit\u00e9. Tant l\u2019acc\u00e8s au site que l\u2019utilisation des informations qu\u2019il contient rel\u00e8vent de la responsabilit\u00e9 exclusive de celui qui les effectue.\u00a0<strong data-start=\"2836\" data-end=\"2857\">TRANSITAINER S.A.<\/strong>\u00a0ne sera pas responsable des cons\u00e9quences, dommages ou pr\u00e9judices qui pourraient r\u00e9sulter de cet acc\u00e8s ou de cette utilisation des informations, ni de l\u2019application qui pourrait en \u00eatre faite pour appuyer toute opinion ou d\u00e9cision personnelle ou professionnelle.\u00a0<strong data-start=\"3120\" data-end=\"3141\">TRANSITAINER S.A.<\/strong>\u00a0n\u2019assume aucune responsabilit\u00e9 quant \u00e0 la connexion ou aux contenus des liens de tiers mentionn\u00e9s sur le site.<\/p>\n<h3 data-start=\"3256\" data-end=\"3289\">e) Propri\u00e9t\u00e9 intellectuelle<\/h3>\n<p data-start=\"3290\" data-end=\"3415\">Les droits de propri\u00e9t\u00e9 intellectuelle du site, ainsi que de ses diff\u00e9rents contenus, appartiennent \u00e0\u00a0<strong data-start=\"3392\" data-end=\"3413\">TRANSITAINER S.A.<\/strong><\/p>\n<p data-start=\"3417\" data-end=\"3857\">Il est strictement interdit d\u2019apporter toute modification \u00e0 cette page.\u00a0<strong data-start=\"3489\" data-end=\"3510\">TRANSITAINER S.A.<\/strong>\u00a0n\u2019assume aucune responsabilit\u00e9 pouvant d\u00e9couler de manipulations ou d\u2019alt\u00e9rations non autoris\u00e9es.\u00a0<strong data-start=\"3609\" data-end=\"3630\">TRANSITAINER S.A.<\/strong>\u00a0n\u2019accorde aucune licence ni autorisation d\u2019utilisation de quelque nature que ce soit sur ses droits de propri\u00e9t\u00e9 industrielle et intellectuelle ou sur toute autre propri\u00e9t\u00e9 ou droit li\u00e9 au site, aux services ou aux contenus.<\/p>\n<p data-start=\"3859\" data-end=\"4297\">La reproduction totale ou partielle des contenus de ce site est interdite sans mention de leur origine ou sans autorisation expresse pr\u00e9alable. L\u2019utilisation non autoris\u00e9e des informations contenues sur ce site, ainsi que les dommages caus\u00e9s aux droits de propri\u00e9t\u00e9 intellectuelle et industrielle de\u00a0<strong data-start=\"4159\" data-end=\"4180\">TRANSITAINER S.A.<\/strong>, donneront lieu \u00e0 l\u2019exercice des actions correspondantes et, le cas \u00e9ch\u00e9ant, aux responsabilit\u00e9s qui en d\u00e9coulent.<\/p>\n<h3 data-start=\"4299\" data-end=\"4352\">f) Protection des donn\u00e9es \u00e0 caract\u00e8re personnel<\/h3>\n<p data-start=\"4353\" data-end=\"4855\">Dans les cas o\u00f9 l\u2019acc\u00e8s \u00e0 certaines pages ou services de\u00a0<strong data-start=\"4410\" data-end=\"4431\">TRANSITAINER S.A.<\/strong>\u00a0n\u00e9cessite la collecte de donn\u00e9es \u00e0 caract\u00e8re personnel, il est pr\u00e9cis\u00e9 que celles-ci seront trait\u00e9es conform\u00e9ment \u00e0 la l\u00e9gislation en vigueur relative \u00e0 la protection des donn\u00e9es \u00e0 caract\u00e8re personnel et aux normes connexes, conform\u00e9ment \u00e0 la\u00a0<strong data-start=\"4675\" data-end=\"4707\">POLITIQUE DE CONFIDENTIALIT\u00c9<\/strong>\u00a0de ce site web et au consentement pr\u00e9alable que l\u2019utilisateur doit accepter avant toute communication avec\u00a0<strong data-start=\"4815\" data-end=\"4836\">TRANSITAINER S.A.<\/strong>\u00a0via ce site web.<\/p>\n<h3 data-start=\"4857\" data-end=\"4897\">g) Droit applicable et juridiction<\/h3>\n<p data-start=\"4898\" data-end=\"5175\">L\u2019utilisation de ce site web est r\u00e9gie par la loi espagnole, ind\u00e9pendamment de l\u2019environnement juridique de l\u2019utilisateur. Tout litige pouvant survenir dans l\u2019interpr\u00e9tation de ces conditions sera r\u00e9solu par les tribunaux du lieu o\u00f9\u00a0<strong data-start=\"5131\" data-end=\"5152\">TRANSITAINER S.A.<\/strong>\u00a0exerce son activit\u00e9.<\/p>\n<p data-start=\"5177\" data-end=\"5514\">Si vous nous communiquez votre adresse e-mail, cela implique que vous consentez et acceptez les pr\u00e9sentes\u00a0<strong data-start=\"5283\" data-end=\"5303\">MENTIONS L\u00c9GALES<\/strong>\u00a0et la\u00a0<strong data-start=\"5310\" data-end=\"5342\">POLITIQUE DE CONFIDENTIALIT\u00c9<\/strong>, afin que celle-ci soit utilis\u00e9e pour l\u2019envoi de communications li\u00e9es aux services fournis ou \u00e0 fournir, ainsi que pour r\u00e9pondre \u00e0 vos demandes par\u00a0<strong data-start=\"5491\" data-end=\"5512\">TRANSITAINER S.A.<\/strong><\/p>\n<hr data-start=\"5516\" data-end=\"5519\" \/>\n<h2 data-start=\"5521\" data-end=\"5568\">MENTIONS L\u00c9GALES \u2013 RESPONSABLE DU TRAITEMENT<\/h2>\n<p data-start=\"5570\" data-end=\"6087\"><strong data-start=\"5570\" data-end=\"5591\">TRANSITAINER S.A.<\/strong>, responsable du traitement conform\u00e9ment \u00e0 la Loi organique 3\/2018 et au RGPD (UE) 2016\/679, vous informe que les donn\u00e9es fournies seront trait\u00e9es de mani\u00e8re confidentielle et seront int\u00e9gr\u00e9es \u00e0 l\u2019activit\u00e9 de traitement correspondante dans notre registre des activit\u00e9s, que vous pouvez consulter. Les donn\u00e9es seront conserv\u00e9es tant que la relation se maintient ou pendant les ann\u00e9es n\u00e9cessaires pour respecter les obligations l\u00e9gales, et ne seront pas c\u00e9d\u00e9es \u00e0 des tiers sauf obligation l\u00e9gale.<\/p>\n<p data-start=\"6089\" data-end=\"6415\">Vous avez le droit d\u2019obtenir confirmation quant au traitement de vos donn\u00e9es personnelles. Par cons\u00e9quent, vous disposez du droit d\u2019acc\u00e9der \u00e0 vos donn\u00e9es personnelles, de rectifier les donn\u00e9es inexactes ou de demander leur suppression lorsque celles-ci ne sont plus n\u00e9cessaires, en \u00e9crivant \u00e0 :\u00a0<strong data-start=\"6384\" data-end=\"6412\"><a class=\"decorated-link cursor-pointer\" rel=\"noopener\" data-start=\"6386\" data-end=\"6410\">general@transitainer.com<\/a><\/strong>.<\/p>\n<p data-start=\"6417\" data-end=\"6876\"><strong data-start=\"6417\" data-end=\"6438\">TRANSITAINER S.A.<\/strong>, en application de la l\u00e9gislation en vigueur relative \u00e0 la protection des donn\u00e9es personnelles (Loi organique 15\/1999, du 13 d\u00e9cembre), ainsi qu\u2019\u00e0 la r\u00e9glementation en vigueur en mati\u00e8re de services de la soci\u00e9t\u00e9 de l\u2019information et de commerce \u00e9lectronique (Loi 34\/2002, du 11 juillet), vous informe des pr\u00e9sentes conditions g\u00e9n\u00e9rales d\u2019utilisation applicables \u00e0 toutes les op\u00e9rations r\u00e9alis\u00e9es via le site :\u00a0<strong data-start=\"6849\" data-end=\"6873\"><a class=\"decorated-link\" href=\"http:\/\/www.transitainer.com\/\" target=\"_new\" rel=\"noopener\" data-start=\"6851\" data-end=\"6871\">www.transitainer.com<\/a><\/strong>.<\/p>\n<p data-start=\"6878\" data-end=\"7064\">Conform\u00e9ment \u00e0 la Loi 34\/2002 sur les services de la soci\u00e9t\u00e9 de l\u2019information et le commerce \u00e9lectronique, en vigueur depuis juillet 2002, nous informons que ce site web appartient \u00e0 :<\/p>\n<ul data-start=\"7066\" data-end=\"7446\">\n<li data-start=\"7066\" data-end=\"7108\">\n<p data-start=\"7068\" data-end=\"7108\"><strong data-start=\"7068\" data-end=\"7086\">Raison sociale<\/strong>\u00a0: TRANSITAINER S.A.<\/p>\n<\/li>\n<li data-start=\"7109\" data-end=\"7132\">\n<p data-start=\"7111\" data-end=\"7132\"><strong data-start=\"7111\" data-end=\"7118\">CIF<\/strong>\u00a0: A08702607<\/p>\n<\/li>\n<li data-start=\"7133\" data-end=\"7199\">\n<p data-start=\"7135\" data-end=\"7199\"><strong data-start=\"7135\" data-end=\"7151\">Si\u00e8ge social<\/strong>\u00a0: AV. DRASSANES 6-8 P.13, BARCELONE, CP 08001<\/p>\n<\/li>\n<li data-start=\"7200\" data-end=\"7232\">\n<p data-start=\"7202\" data-end=\"7232\"><strong data-start=\"7202\" data-end=\"7215\">T\u00e9l\u00e9phone<\/strong>\u00a0: 93 304 00 50<\/p>\n<\/li>\n<li data-start=\"7233\" data-end=\"7259\">\n<p data-start=\"7235\" data-end=\"7259\"><strong data-start=\"7235\" data-end=\"7242\">Fax<\/strong>\u00a0: 93 317 10 54<\/p>\n<\/li>\n<li data-start=\"7260\" data-end=\"7301\">\n<p data-start=\"7262\" data-end=\"7301\"><strong data-start=\"7262\" data-end=\"7272\">E-mail<\/strong>\u00a0:\u00a0<a class=\"decorated-link cursor-pointer\" rel=\"noopener\" data-start=\"7275\" data-end=\"7299\">general@transitainer.com<\/a><\/p>\n<\/li>\n<li data-start=\"7302\" data-end=\"7446\">\n<p data-start=\"7304\" data-end=\"7446\"><strong data-start=\"7304\" data-end=\"7328\">Registre du commerce<\/strong>\u00a0: Inscrite au Registre du Commerce de Barcelone N\u00ba 1630, Tome 6484, Folio 70, Livre 5768, Section 2, Inscription 1.<\/p>\n<\/li>\n<\/ul>\n<hr data-start=\"7448\" data-end=\"7451\" \/>\n<h2 data-start=\"7453\" data-end=\"7484\">POLITIQUE DE CONFIDENTIALIT\u00c9<\/h2>\n<p data-start=\"7486\" data-end=\"7862\">Toute communication avec\u00a0<strong data-start=\"7511\" data-end=\"7532\">TRANSITAINER S.A.<\/strong>, par quelque moyen que ce soit, y compris via son adresse \u00e9lectronique ou les formulaires de ce site, implique le consentement expr\u00e8s de l\u2019utilisateur pour que ses donn\u00e9es personnelles soient int\u00e9gr\u00e9es \u00e0 des fichiers d\u00e9tenus par\u00a0<strong data-start=\"7762\" data-end=\"7783\">TRANSITAINER S.A.<\/strong>, dont le si\u00e8ge social est situ\u00e9 AV. DRASSANES 6-8 P.13, BARCELONE, CP 08001.<\/p>\n<p data-start=\"7864\" data-end=\"8041\">Ces donn\u00e9es personnelles seront trait\u00e9es conform\u00e9ment aux dispositions de la Loi organique 15\/1999, du 13 d\u00e9cembre, relative \u00e0 la protection des donn\u00e9es \u00e0 caract\u00e8re personnel.<\/p>\n<p data-start=\"8043\" data-end=\"8290\">La personne concern\u00e9e pourra exercer les droits d\u2019acc\u00e8s, de rectification, d\u2019annulation et d\u2019opposition concernant ses donn\u00e9es personnelles contenues dans ces fichiers, et pourra r\u00e9voquer son consentement par \u00e9crit \u00e0 tout moment, en contactant :<\/p>\n<ul data-start=\"8292\" data-end=\"8434\">\n<li data-start=\"8292\" data-end=\"8330\">\n<p data-start=\"8294\" data-end=\"8330\"><strong data-start=\"8294\" data-end=\"8308\">Entreprise<\/strong>\u00a0: TRANSITAINER S.A.<\/p>\n<\/li>\n<li data-start=\"8331\" data-end=\"8392\">\n<p data-start=\"8333\" data-end=\"8392\"><strong data-start=\"8333\" data-end=\"8344\">Adresse<\/strong>\u00a0: AV. DRASSANES 6-8 P.13, BARCELONE, CP 08001<\/p>\n<\/li>\n<li data-start=\"8393\" data-end=\"8434\">\n<p data-start=\"8395\" data-end=\"8434\"><strong data-start=\"8395\" data-end=\"8405\">E-mail<\/strong>\u00a0:\u00a0<a class=\"decorated-link cursor-pointer\" rel=\"noopener\" data-start=\"8408\" data-end=\"8432\">general@transitainer.com<\/a><\/p>\n<\/li>\n<\/ul>\n<h3 data-start=\"8436\" data-end=\"8473\">AVERTISSEMENT SUR LA VIE PRIV\u00c9E<\/h3>\n<p data-start=\"8474\" data-end=\"9002\">Les donn\u00e9es personnelles fournies par e-mail ou via ce site seront enregistr\u00e9es dans un fichier appartenant \u00e0\u00a0<strong data-start=\"8584\" data-end=\"8605\">TRANSITAINER S.A.<\/strong>, d\u00fbment inscrit aupr\u00e8s de l\u2019Agence espagnole de protection des donn\u00e9es, dans le but de r\u00e9pondre aux demandes, de recevoir des commandes et d\u2019obtenir des donn\u00e9es statistiques. L\u2019utilisateur pourra exercer les droits d\u2019acc\u00e8s, de rectification, d\u2019annulation et d\u2019opposition aupr\u00e8s de\u00a0<strong data-start=\"8887\" data-end=\"8908\">TRANSITAINER S.A.<\/strong>, AV. DRASSANES 6-8 P.13, BARCELONE, CP 08001, ou par e-mail \u00e0\u00a0<strong data-start=\"8971\" data-end=\"8999\"><a class=\"decorated-link cursor-pointer\" rel=\"noopener\" data-start=\"8973\" data-end=\"8997\">general@transitainer.com<\/a><\/strong>.<\/p>\n<p>&nbsp;<\/p>\n","protected":false},"excerpt":{"rendered":"<p>Mentions l\u00e9gales Ce site web a \u00e9t\u00e9 cr\u00e9\u00e9 par\u00a0TRANSITAINER S.A.\u00a0\u00e0 titre informatif, pour un usage personnel et gratuit. a) Utilisation licite L\u2019utilisateur de ce site web et de ses services&#8230;<\/p>\n","protected":false},"author":2,"featured_media":0,"parent":0,"menu_order":0,"comment_status":"closed","ping_status":"closed","template":"","meta":{"footnotes":""},"class_list":["post-1033","page","type-page","status-publish"],"yoast_head":"<!-- This site is optimized with the Yoast SEO plugin v27.4 - https:\/\/yoast.com\/product\/yoast-seo-wordpress\/ -->\n<title>Mentions l\u00e9gales - Transitainer<\/title>\n<meta name=\"robots\" content=\"index, follow, max-snippet:-1, max-image-preview:large, max-video-preview:-1\" \/>\n<link rel=\"canonical\" href=\"https:\/\/transitainer.com\/aviso-legal\/\" \/>\n<meta property=\"og:locale\" content=\"fr_FR\" \/>\n<meta property=\"og:type\" content=\"article\" \/>\n<meta property=\"og:title\" content=\"Mentions l\u00e9gales - Transitainer\" \/>\n<meta property=\"og:description\" content=\"Mentions l\u00e9gales Ce site web a \u00e9t\u00e9 cr\u00e9\u00e9 par\u00a0TRANSITAINER S.A.\u00a0\u00e0 titre informatif, pour un usage personnel et gratuit. a) Utilisation licite L\u2019utilisateur de ce site web et de ses services...\" \/>\n<meta property=\"og:url\" content=\"https:\/\/transitainer.com\/aviso-legal\/\" \/>\n<meta property=\"og:site_name\" content=\"Transitainer\" \/>\n<meta property=\"article:modified_time\" content=\"2025-09-23T11:30:09+00:00\" \/>\n<meta name=\"twitter:card\" content=\"summary_large_image\" \/>\n<meta name=\"twitter:label1\" content=\"Dur\u00e9e de lecture estim\u00e9e\" \/>\n\t<meta name=\"twitter:data1\" content=\"7 minutes\" \/>\n<script type=\"application\/ld+json\" class=\"yoast-schema-graph\">{\"@context\":\"https:\\\/\\\/schema.org\",\"@graph\":[{\"@type\":\"WebPage\",\"@id\":\"https:\\\/\\\/transitainer.com\\\/aviso-legal\\\/\",\"url\":\"https:\\\/\\\/transitainer.com\\\/aviso-legal\\\/\",\"name\":\"Mentions l\u00e9gales - Transitainer\",\"isPartOf\":{\"@id\":\"https:\\\/\\\/transitainer.com\\\/#website\"},\"datePublished\":\"2025-09-23T08:09:09+00:00\",\"dateModified\":\"2025-09-23T11:30:09+00:00\",\"breadcrumb\":{\"@id\":\"https:\\\/\\\/transitainer.com\\\/aviso-legal\\\/#breadcrumb\"},\"inLanguage\":\"fr-FR\",\"potentialAction\":[{\"@type\":\"ReadAction\",\"target\":[\"https:\\\/\\\/transitainer.com\\\/aviso-legal\\\/\"]}]},{\"@type\":\"BreadcrumbList\",\"@id\":\"https:\\\/\\\/transitainer.com\\\/aviso-legal\\\/#breadcrumb\",\"itemListElement\":[{\"@type\":\"ListItem\",\"position\":1,\"name\":\"Home\",\"item\":\"https:\\\/\\\/transitainer.com\\\/fr\\\/\"},{\"@type\":\"ListItem\",\"position\":2,\"name\":\"Mentions l\u00e9gales\"}]},{\"@type\":\"WebSite\",\"@id\":\"https:\\\/\\\/transitainer.com\\\/#website\",\"url\":\"https:\\\/\\\/transitainer.com\\\/\",\"name\":\"Transitainer\",\"description\":\"\",\"publisher\":{\"@id\":\"https:\\\/\\\/transitainer.com\\\/#organization\"},\"potentialAction\":[{\"@type\":\"SearchAction\",\"target\":{\"@type\":\"EntryPoint\",\"urlTemplate\":\"https:\\\/\\\/transitainer.com\\\/?s={search_term_string}\"},\"query-input\":{\"@type\":\"PropertyValueSpecification\",\"valueRequired\":true,\"valueName\":\"search_term_string\"}}],\"inLanguage\":\"fr-FR\"},{\"@type\":\"Organization\",\"@id\":\"https:\\\/\\\/transitainer.com\\\/#organization\",\"name\":\"Transitainer\",\"url\":\"https:\\\/\\\/transitainer.com\\\/\",\"logo\":{\"@type\":\"ImageObject\",\"inLanguage\":\"fr-FR\",\"@id\":\"https:\\\/\\\/transitainer.com\\\/#\\\/schema\\\/logo\\\/image\\\/\",\"url\":\"https:\\\/\\\/transitainer.com\\\/wp-content\\\/uploads\\\/2025\\\/09\\\/LOGO-RETINA.png\",\"contentUrl\":\"https:\\\/\\\/transitainer.com\\\/wp-content\\\/uploads\\\/2025\\\/09\\\/LOGO-RETINA.png\",\"width\":1000,\"height\":216,\"caption\":\"Transitainer\"},\"image\":{\"@id\":\"https:\\\/\\\/transitainer.com\\\/#\\\/schema\\\/logo\\\/image\\\/\"}}]}<\/script>\n<!-- \/ Yoast SEO plugin. -->","yoast_head_json":{"title":"Mentions l\u00e9gales - Transitainer","robots":{"index":"index","follow":"follow","max-snippet":"max-snippet:-1","max-image-preview":"max-image-preview:large","max-video-preview":"max-video-preview:-1"},"canonical":"https:\/\/transitainer.com\/aviso-legal\/","og_locale":"fr_FR","og_type":"article","og_title":"Mentions l\u00e9gales - Transitainer","og_description":"Mentions l\u00e9gales Ce site web a \u00e9t\u00e9 cr\u00e9\u00e9 par\u00a0TRANSITAINER S.A.\u00a0\u00e0 titre informatif, pour un usage personnel et gratuit. a) Utilisation licite L\u2019utilisateur de ce site web et de ses services...","og_url":"https:\/\/transitainer.com\/aviso-legal\/","og_site_name":"Transitainer","article_modified_time":"2025-09-23T11:30:09+00:00","twitter_card":"summary_large_image","twitter_misc":{"Dur\u00e9e de lecture estim\u00e9e":"7 minutes"},"schema":{"@context":"https:\/\/schema.org","@graph":[{"@type":"WebPage","@id":"https:\/\/transitainer.com\/aviso-legal\/","url":"https:\/\/transitainer.com\/aviso-legal\/","name":"Mentions l\u00e9gales - Transitainer","isPartOf":{"@id":"https:\/\/transitainer.com\/#website"},"datePublished":"2025-09-23T08:09:09+00:00","dateModified":"2025-09-23T11:30:09+00:00","breadcrumb":{"@id":"https:\/\/transitainer.com\/aviso-legal\/#breadcrumb"},"inLanguage":"fr-FR","potentialAction":[{"@type":"ReadAction","target":["https:\/\/transitainer.com\/aviso-legal\/"]}]},{"@type":"BreadcrumbList","@id":"https:\/\/transitainer.com\/aviso-legal\/#breadcrumb","itemListElement":[{"@type":"ListItem","position":1,"name":"Home","item":"https:\/\/transitainer.com\/fr\/"},{"@type":"ListItem","position":2,"name":"Mentions l\u00e9gales"}]},{"@type":"WebSite","@id":"https:\/\/transitainer.com\/#website","url":"https:\/\/transitainer.com\/","name":"Transitainer","description":"","publisher":{"@id":"https:\/\/transitainer.com\/#organization"},"potentialAction":[{"@type":"SearchAction","target":{"@type":"EntryPoint","urlTemplate":"https:\/\/transitainer.com\/?s={search_term_string}"},"query-input":{"@type":"PropertyValueSpecification","valueRequired":true,"valueName":"search_term_string"}}],"inLanguage":"fr-FR"},{"@type":"Organization","@id":"https:\/\/transitainer.com\/#organization","name":"Transitainer","url":"https:\/\/transitainer.com\/","logo":{"@type":"ImageObject","inLanguage":"fr-FR","@id":"https:\/\/transitainer.com\/#\/schema\/logo\/image\/","url":"https:\/\/transitainer.com\/wp-content\/uploads\/2025\/09\/LOGO-RETINA.png","contentUrl":"https:\/\/transitainer.com\/wp-content\/uploads\/2025\/09\/LOGO-RETINA.png","width":1000,"height":216,"caption":"Transitainer"},"image":{"@id":"https:\/\/transitainer.com\/#\/schema\/logo\/image\/"}}]}},"_links":{"self":[{"href":"https:\/\/transitainer.com\/fr\/wp-json\/wp\/v2\/pages\/1033","targetHints":{"allow":["GET"]}}],"collection":[{"href":"https:\/\/transitainer.com\/fr\/wp-json\/wp\/v2\/pages"}],"about":[{"href":"https:\/\/transitainer.com\/fr\/wp-json\/wp\/v2\/types\/page"}],"author":[{"embeddable":true,"href":"https:\/\/transitainer.com\/fr\/wp-json\/wp\/v2\/users\/2"}],"replies":[{"embeddable":true,"href":"https:\/\/transitainer.com\/fr\/wp-json\/wp\/v2\/comments?post=1033"}],"version-history":[{"count":0,"href":"https:\/\/transitainer.com\/fr\/wp-json\/wp\/v2\/pages\/1033\/revisions"}],"wp:attachment":[{"href":"https:\/\/transitainer.com\/fr\/wp-json\/wp\/v2\/media?parent=1033"}],"curies":[{"name":"wp","href":"https:\/\/api.w.org\/{rel}","templated":true}]}}