{"id":1035,"date":"2025-03-12T15:06:59","date_gmt":"2025-03-12T15:06:59","guid":{"rendered":"https:\/\/transitainer.com\/politica-de-privacidad\/"},"modified":"2025-09-23T11:57:15","modified_gmt":"2025-09-23T11:57:15","slug":"politique-confidentialite","status":"publish","type":"page","link":"https:\/\/transitainer.com\/fr\/politique-confidentialite\/","title":{"rendered":"Politique de confidentialit\u00e9"},"content":{"rendered":"<h1 data-start=\"5228\" data-end=\"5272\">Politique de confidentialit\u00e9<\/h1>\n<p data-start=\"5274\" data-end=\"5387\">L\u2019entreprise responsable du traitement de vos donn\u00e9es dans le cadre de cette politique de confidentialit\u00e9 est :<\/p>\n<p data-start=\"5389\" data-end=\"5739\"><strong data-start=\"5389\" data-end=\"5410\">TRANSITAINER S.A.<\/strong><br data-start=\"5410\" data-end=\"5413\" \/>CIF : A08702607<br data-start=\"5428\" data-end=\"5431\" \/>Adresse : Ampliaci\u00f3n Muelle Sur S\/N, Edificio Friopuerto Valencia (46024 Puerto de Valencia)<br data-start=\"5523\" data-end=\"5526\" \/>E-mail :\u00a0<a class=\"decorated-link cursor-pointer\" rel=\"noopener\" data-start=\"5535\" data-end=\"5556\">lopd@transitainer.com<\/a><br data-start=\"5556\" data-end=\"5559\" \/>Site web :\u00a0<a class=\"decorated-link\" href=\"https:\/\/www.transitainer.com\/\" target=\"_new\" rel=\"noopener\" data-start=\"5570\" data-end=\"5598\">https:\/\/www.transitainer.com<\/a><br data-start=\"5598\" data-end=\"5601\" \/>T\u00e9l\u00e9phone : +34 93 304 00 50<br data-start=\"5629\" data-end=\"5632\" \/>Inscrite au Registre du commerce de Valence, Tome 10408, Livre 7689, Folio 28, Section 8, Feuille 179230.<\/p>\n<p data-start=\"5741\" data-end=\"5960\">Chez\u00a0<strong data-start=\"5746\" data-end=\"5767\">TRANSITAINER S.A.<\/strong>, nous reconnaissons l\u2019importance de prot\u00e9ger vos informations personnelles et nous nous engageons \u00e0 les traiter de mani\u00e8re responsable et conform\u00e9ment aux lois sur la protection des donn\u00e9es.<\/p>\n<p data-start=\"5962\" data-end=\"6195\">La pr\u00e9sente politique de confidentialit\u00e9 r\u00e9git tous les aspects relatifs au traitement des donn\u00e9es des utilisateurs qui naviguent sur le site ou qui fournissent leurs donn\u00e9es personnelles via les diff\u00e9rents formulaires disponibles.<\/p>\n<h3 data-start=\"6197\" data-end=\"6223\">Donn\u00e9es personnelles<\/h3>\n<p data-start=\"6224\" data-end=\"6519\">Une donn\u00e9e personnelle est une information qui vous identifie ou vous rend identifiable. Par le biais du site, dans les champs pr\u00e9vus \u00e0 cet effet, nous recueillons les donn\u00e9es personnelles que l\u2019utilisateur nous communique : nom, pr\u00e9nom, adresse e-mail, t\u00e9l\u00e9phone, adresse postale, ville, etc.<\/p>\n<p data-start=\"6521\" data-end=\"6815\">La simple visite du site web n\u2019oblige pas l\u2019utilisateur \u00e0 fournir des informations personnelles. Toutefois, s\u2019il les fournit, elles seront trait\u00e9es de mani\u00e8re licite conform\u00e9ment aux principes et droits \u00e9tablis par le\u00a0<strong data-start=\"6739\" data-end=\"6773\">RGPD 2016\/679 du 27 avril 2016<\/strong>\u00a0et la\u00a0<strong data-start=\"6780\" data-end=\"6812\">LOPDGDD 3\/2018 du 5 d\u00e9cembre<\/strong>.<\/p>\n<h3 data-start=\"6817\" data-end=\"6867\">Finalit\u00e9, dur\u00e9e et base l\u00e9gale du traitement<\/h3>\n<p data-start=\"6868\" data-end=\"6955\">Les donn\u00e9es fournies par l\u2019utilisateur seront trait\u00e9es pour les finalit\u00e9s suivantes :<\/p>\n<ul data-start=\"6957\" data-end=\"7747\">\n<li data-start=\"6957\" data-end=\"7208\">\n<p data-start=\"6959\" data-end=\"7208\"><strong data-start=\"6959\" data-end=\"6984\">R\u00e9pondre aux demandes<\/strong>\u00a0soumises via le formulaire de contact. Les donn\u00e9es seront conserv\u00e9es le temps n\u00e9cessaire pour r\u00e9pondre \u00e0 la demande et pour la dur\u00e9e l\u00e9gale minimale de 3 ans. La base l\u00e9gale est le consentement explicite de l\u2019utilisateur.<\/p>\n<\/li>\n<li data-start=\"7210\" data-end=\"7491\">\n<p data-start=\"7212\" data-end=\"7491\"><strong data-start=\"7212\" data-end=\"7252\">Am\u00e9liorer l\u2019exp\u00e9rience de navigation<\/strong>\u00a0sur le site. Les donn\u00e9es seront conserv\u00e9es jusqu\u2019\u00e0 r\u00e9vocation du consentement par suppression des cookies et pour une dur\u00e9e l\u00e9gale minimale de 3 ans. La base l\u00e9gale est le consentement de l\u2019utilisateur lors de l\u2019acceptation des cookies.<\/p>\n<\/li>\n<li data-start=\"7493\" data-end=\"7747\">\n<p data-start=\"7495\" data-end=\"7747\"><strong data-start=\"7495\" data-end=\"7552\">G\u00e9rer nos r\u00e9seaux sociaux et envoyer des informations<\/strong>\u00a0sur nos activit\u00e9s et produits. Les donn\u00e9es seront conserv\u00e9es jusqu\u2019\u00e0 r\u00e9vocation du consentement et pour une dur\u00e9e l\u00e9gale minimale de 3 ans. La base l\u00e9gale est le consentement de l\u2019utilisateur.<\/p>\n<\/li>\n<\/ul>\n<p data-start=\"7749\" data-end=\"7832\">L\u2019utilisateur peut retirer son consentement \u00e0 tout moment, sans effet r\u00e9troactif.<\/p>\n<h3 data-start=\"7834\" data-end=\"7893\">Communication de donn\u00e9es et transferts internationaux<\/h3>\n<p data-start=\"7894\" data-end=\"8053\">Vos donn\u00e9es ne seront pas communiqu\u00e9es ni c\u00e9d\u00e9es \u00e0 des tiers, sauf obligation l\u00e9gale ou prestataires li\u00e9s au Responsable agissant en tant que sous-traitants.<\/p>\n<p data-start=\"8055\" data-end=\"8190\">Aucun transfert international n\u2019est effectu\u00e9. S\u2019ils devenaient n\u00e9cessaires, vous en seriez inform\u00e9 afin d\u2019obtenir votre consentement.<\/p>\n<h3 data-start=\"8192\" data-end=\"8221\">Mise \u00e0 jour des donn\u00e9es<\/h3>\n<p data-start=\"8222\" data-end=\"8419\">Il est important que les donn\u00e9es personnelles soient tenues \u00e0 jour. L\u2019utilisateur doit informer de toute modification. Dans le cas contraire, nous ne pouvons \u00eatre responsables de leur exactitude.<\/p>\n<p data-start=\"8421\" data-end=\"8537\">L\u2019utilisateur garantit que les donn\u00e9es fournies sont exactes et \u00e0 jour, et s\u2019engage \u00e0 notifier toute modification.<\/p>\n<h3 data-start=\"8539\" data-end=\"8561\">Donn\u00e9es de tiers<\/h3>\n<p data-start=\"8562\" data-end=\"8813\">Si l\u2019utilisateur fournit des donn\u00e9es de tiers \u00e0\u00a0<strong data-start=\"8610\" data-end=\"8631\">TRANSITAINER S.A.<\/strong>, il garantit les avoir obtenues de mani\u00e8re licite, avoir inform\u00e9 les personnes concern\u00e9es et obtenu leur consentement, et que les informations fournies sont exactes et v\u00e9ridiques.<\/p>\n<h3 data-start=\"8815\" data-end=\"8852\">Droits des personnes concern\u00e9es<\/h3>\n<p data-start=\"8853\" data-end=\"9339\">Vous avez le droit d\u2019acc\u00e9der \u00e0 vos donn\u00e9es, d\u2019obtenir confirmation de leur traitement, d\u2019en recevoir une copie, de les mettre \u00e0 jour, de demander leur rectification ou leur suppression lorsqu\u2019elles ne sont plus n\u00e9cessaires. Vous pouvez demander la limitation du traitement, vous y opposer, retirer votre consentement et exercer votre droit \u00e0 la portabilit\u00e9 des donn\u00e9es. Vous avez \u00e9galement le droit de ne pas faire l\u2019objet de d\u00e9cisions fond\u00e9es uniquement sur un traitement automatis\u00e9.<\/p>\n<p data-start=\"9341\" data-end=\"9507\">Vous pouvez exercer vos droits en nous contactant \u00e0 :<br data-start=\"9394\" data-end=\"9397\" \/>Cim Vall\u00e8s Sector C Nau, 2A \u2013 08130 Santa Perp\u00e8tua de la Mogoda (Barcelone)<br data-start=\"9472\" data-end=\"9475\" \/>E-mail :\u00a0<a class=\"decorated-link cursor-pointer\" rel=\"noopener\" data-start=\"9484\" data-end=\"9505\">lopd@transitainer.com<\/a><\/p>\n<p data-start=\"9509\" data-end=\"9679\">Si vous estimez que vos droits n\u2019ont pas \u00e9t\u00e9 respect\u00e9s, vous pouvez d\u00e9poser une plainte aupr\u00e8s de l\u2019<strong data-start=\"9609\" data-end=\"9662\">Agence espagnole de protection des donn\u00e9es (AEPD)<\/strong>\u00a0:\u00a0<a class=\"decorated-link\" href=\"http:\/\/www.aepd.es\/\" target=\"_new\" rel=\"noopener\" data-start=\"9665\" data-end=\"9676\">www.aepd.es<\/a>.<\/p>\n<h3 data-start=\"9681\" data-end=\"9721\">Traitement des donn\u00e9es des mineurs<\/h3>\n<p data-start=\"9722\" data-end=\"10157\">Toute personne fournissant des donn\u00e9es via les formulaires de ce site d\u00e9clare avoir plus de 14 ans. L\u2019acc\u00e8s et l\u2019utilisation du site par des mineurs de moins de 14 ans sont interdits. Si le Responsable d\u00e9tecte qu\u2019un mineur a fourni des donn\u00e9es personnelles, elles seront imm\u00e9diatement supprim\u00e9es. Les parents ou tuteurs peuvent demander \u00e0\u00a0<strong data-start=\"10061\" data-end=\"10082\">TRANSITAINER S.A.<\/strong>\u00a0le blocage du compte d\u2019un mineur enregistr\u00e9 sous une identit\u00e9 falsifi\u00e9e.<\/p>\n<h3 data-start=\"10159\" data-end=\"10172\">Cookies<\/h3>\n<p data-start=\"10173\" data-end=\"10582\">Un cookie est un petit fichier t\u00e9l\u00e9charg\u00e9 et stock\u00e9 sur l\u2019ordinateur de l\u2019utilisateur lors de l\u2019acc\u00e8s \u00e0 un site web. Les cookies permettent, entre autres, de stocker et de r\u00e9cup\u00e9rer des informations sur les habitudes de navigation de l\u2019utilisateur ou de son \u00e9quipement et, selon les informations qu\u2019ils contiennent et la mani\u00e8re dont l\u2019\u00e9quipement est utilis\u00e9, ils peuvent servir \u00e0 reconna\u00eetre l\u2019utilisateur.<\/p>\n<p data-start=\"10584\" data-end=\"10777\">L\u2019utilisateur peut emp\u00eacher la g\u00e9n\u00e9ration de cookies en s\u00e9lectionnant l\u2019option correspondante dans son navigateur. Pour plus d\u2019informations, veuillez consulter notre\u00a0<strong data-start=\"10750\" data-end=\"10774\">Politique de Cookies<\/strong>.<\/p>\n","protected":false},"excerpt":{"rendered":"<p>Politique de confidentialit\u00e9 L\u2019entreprise responsable du traitement de vos donn\u00e9es dans le cadre de cette politique de confidentialit\u00e9 est : TRANSITAINER S.A.CIF : A08702607Adresse : Ampliaci\u00f3n Muelle Sur S\/N, Edificio&#8230;<\/p>\n","protected":false},"author":1,"featured_media":0,"parent":0,"menu_order":0,"comment_status":"closed","ping_status":"closed","template":"","meta":{"footnotes":""},"class_list":["post-1035","page","type-page","status-publish"],"yoast_head":"<!-- This site is optimized with the Yoast SEO plugin v27.4 - https:\/\/yoast.com\/product\/yoast-seo-wordpress\/ -->\n<title>Politique de confidentialit\u00e9 - Transitainer<\/title>\n<meta name=\"robots\" content=\"index, follow, max-snippet:-1, max-image-preview:large, max-video-preview:-1\" \/>\n<link rel=\"canonical\" href=\"https:\/\/transitainer.com\/politica-privacidad\/\" \/>\n<meta property=\"og:locale\" content=\"fr_FR\" \/>\n<meta property=\"og:type\" content=\"article\" \/>\n<meta property=\"og:title\" content=\"Politique de confidentialit\u00e9 - Transitainer\" \/>\n<meta property=\"og:description\" content=\"Politique de confidentialit\u00e9 L\u2019entreprise responsable du traitement de vos donn\u00e9es dans le cadre de cette politique de confidentialit\u00e9 est : TRANSITAINER S.A.CIF : A08702607Adresse : Ampliaci\u00f3n Muelle Sur S\/N, Edificio...\" \/>\n<meta property=\"og:url\" content=\"https:\/\/transitainer.com\/politica-privacidad\/\" \/>\n<meta property=\"og:site_name\" content=\"Transitainer\" \/>\n<meta property=\"article:modified_time\" content=\"2025-09-23T11:57:15+00:00\" \/>\n<meta name=\"twitter:card\" content=\"summary_large_image\" \/>\n<meta name=\"twitter:label1\" content=\"Dur\u00e9e de lecture estim\u00e9e\" \/>\n\t<meta name=\"twitter:data1\" content=\"5 minutes\" \/>\n<script type=\"application\/ld+json\" class=\"yoast-schema-graph\">{\"@context\":\"https:\\\/\\\/schema.org\",\"@graph\":[{\"@type\":\"WebPage\",\"@id\":\"https:\\\/\\\/transitainer.com\\\/politica-privacidad\\\/\",\"url\":\"https:\\\/\\\/transitainer.com\\\/politica-privacidad\\\/\",\"name\":\"Politique de confidentialit\u00e9 - Transitainer\",\"isPartOf\":{\"@id\":\"https:\\\/\\\/transitainer.com\\\/#website\"},\"datePublished\":\"2025-03-12T15:06:59+00:00\",\"dateModified\":\"2025-09-23T11:57:15+00:00\",\"breadcrumb\":{\"@id\":\"https:\\\/\\\/transitainer.com\\\/politica-privacidad\\\/#breadcrumb\"},\"inLanguage\":\"fr-FR\",\"potentialAction\":[{\"@type\":\"ReadAction\",\"target\":[\"https:\\\/\\\/transitainer.com\\\/politica-privacidad\\\/\"]}]},{\"@type\":\"BreadcrumbList\",\"@id\":\"https:\\\/\\\/transitainer.com\\\/politica-privacidad\\\/#breadcrumb\",\"itemListElement\":[{\"@type\":\"ListItem\",\"position\":1,\"name\":\"Home\",\"item\":\"https:\\\/\\\/transitainer.com\\\/fr\\\/\"},{\"@type\":\"ListItem\",\"position\":2,\"name\":\"Politique de confidentialit\u00e9\"}]},{\"@type\":\"WebSite\",\"@id\":\"https:\\\/\\\/transitainer.com\\\/#website\",\"url\":\"https:\\\/\\\/transitainer.com\\\/\",\"name\":\"Transitainer\",\"description\":\"\",\"publisher\":{\"@id\":\"https:\\\/\\\/transitainer.com\\\/#organization\"},\"potentialAction\":[{\"@type\":\"SearchAction\",\"target\":{\"@type\":\"EntryPoint\",\"urlTemplate\":\"https:\\\/\\\/transitainer.com\\\/?s={search_term_string}\"},\"query-input\":{\"@type\":\"PropertyValueSpecification\",\"valueRequired\":true,\"valueName\":\"search_term_string\"}}],\"inLanguage\":\"fr-FR\"},{\"@type\":\"Organization\",\"@id\":\"https:\\\/\\\/transitainer.com\\\/#organization\",\"name\":\"Transitainer\",\"url\":\"https:\\\/\\\/transitainer.com\\\/\",\"logo\":{\"@type\":\"ImageObject\",\"inLanguage\":\"fr-FR\",\"@id\":\"https:\\\/\\\/transitainer.com\\\/#\\\/schema\\\/logo\\\/image\\\/\",\"url\":\"https:\\\/\\\/transitainer.com\\\/wp-content\\\/uploads\\\/2025\\\/09\\\/LOGO-RETINA.png\",\"contentUrl\":\"https:\\\/\\\/transitainer.com\\\/wp-content\\\/uploads\\\/2025\\\/09\\\/LOGO-RETINA.png\",\"width\":1000,\"height\":216,\"caption\":\"Transitainer\"},\"image\":{\"@id\":\"https:\\\/\\\/transitainer.com\\\/#\\\/schema\\\/logo\\\/image\\\/\"}}]}<\/script>\n<!-- \/ Yoast SEO plugin. -->","yoast_head_json":{"title":"Politique de confidentialit\u00e9 - Transitainer","robots":{"index":"index","follow":"follow","max-snippet":"max-snippet:-1","max-image-preview":"max-image-preview:large","max-video-preview":"max-video-preview:-1"},"canonical":"https:\/\/transitainer.com\/politica-privacidad\/","og_locale":"fr_FR","og_type":"article","og_title":"Politique de confidentialit\u00e9 - Transitainer","og_description":"Politique de confidentialit\u00e9 L\u2019entreprise responsable du traitement de vos donn\u00e9es dans le cadre de cette politique de confidentialit\u00e9 est : TRANSITAINER S.A.CIF : A08702607Adresse : Ampliaci\u00f3n Muelle Sur S\/N, Edificio...","og_url":"https:\/\/transitainer.com\/politica-privacidad\/","og_site_name":"Transitainer","article_modified_time":"2025-09-23T11:57:15+00:00","twitter_card":"summary_large_image","twitter_misc":{"Dur\u00e9e de lecture estim\u00e9e":"5 minutes"},"schema":{"@context":"https:\/\/schema.org","@graph":[{"@type":"WebPage","@id":"https:\/\/transitainer.com\/politica-privacidad\/","url":"https:\/\/transitainer.com\/politica-privacidad\/","name":"Politique de confidentialit\u00e9 - Transitainer","isPartOf":{"@id":"https:\/\/transitainer.com\/#website"},"datePublished":"2025-03-12T15:06:59+00:00","dateModified":"2025-09-23T11:57:15+00:00","breadcrumb":{"@id":"https:\/\/transitainer.com\/politica-privacidad\/#breadcrumb"},"inLanguage":"fr-FR","potentialAction":[{"@type":"ReadAction","target":["https:\/\/transitainer.com\/politica-privacidad\/"]}]},{"@type":"BreadcrumbList","@id":"https:\/\/transitainer.com\/politica-privacidad\/#breadcrumb","itemListElement":[{"@type":"ListItem","position":1,"name":"Home","item":"https:\/\/transitainer.com\/fr\/"},{"@type":"ListItem","position":2,"name":"Politique de confidentialit\u00e9"}]},{"@type":"WebSite","@id":"https:\/\/transitainer.com\/#website","url":"https:\/\/transitainer.com\/","name":"Transitainer","description":"","publisher":{"@id":"https:\/\/transitainer.com\/#organization"},"potentialAction":[{"@type":"SearchAction","target":{"@type":"EntryPoint","urlTemplate":"https:\/\/transitainer.com\/?s={search_term_string}"},"query-input":{"@type":"PropertyValueSpecification","valueRequired":true,"valueName":"search_term_string"}}],"inLanguage":"fr-FR"},{"@type":"Organization","@id":"https:\/\/transitainer.com\/#organization","name":"Transitainer","url":"https:\/\/transitainer.com\/","logo":{"@type":"ImageObject","inLanguage":"fr-FR","@id":"https:\/\/transitainer.com\/#\/schema\/logo\/image\/","url":"https:\/\/transitainer.com\/wp-content\/uploads\/2025\/09\/LOGO-RETINA.png","contentUrl":"https:\/\/transitainer.com\/wp-content\/uploads\/2025\/09\/LOGO-RETINA.png","width":1000,"height":216,"caption":"Transitainer"},"image":{"@id":"https:\/\/transitainer.com\/#\/schema\/logo\/image\/"}}]}},"_links":{"self":[{"href":"https:\/\/transitainer.com\/fr\/wp-json\/wp\/v2\/pages\/1035","targetHints":{"allow":["GET"]}}],"collection":[{"href":"https:\/\/transitainer.com\/fr\/wp-json\/wp\/v2\/pages"}],"about":[{"href":"https:\/\/transitainer.com\/fr\/wp-json\/wp\/v2\/types\/page"}],"author":[{"embeddable":true,"href":"https:\/\/transitainer.com\/fr\/wp-json\/wp\/v2\/users\/1"}],"replies":[{"embeddable":true,"href":"https:\/\/transitainer.com\/fr\/wp-json\/wp\/v2\/comments?post=1035"}],"version-history":[{"count":0,"href":"https:\/\/transitainer.com\/fr\/wp-json\/wp\/v2\/pages\/1035\/revisions"}],"wp:attachment":[{"href":"https:\/\/transitainer.com\/fr\/wp-json\/wp\/v2\/media?parent=1035"}],"curies":[{"name":"wp","href":"https:\/\/api.w.org\/{rel}","templated":true}]}}