{"id":1141,"date":"2026-02-17T17:47:43","date_gmt":"2026-02-17T15:47:43","guid":{"rendered":"https:\/\/transitainer.com\/condiciones-generales-de-contratacion-para-la-organizacion-de-transporte-de-mercancias-a-cargo-de-transitainer-s-a\/"},"modified":"2026-02-17T17:55:22","modified_gmt":"2026-02-17T15:55:22","slug":"condiciones-generales-de-contratacion-para-la-organizacion-de-transporte-de-mercancias-a-cargo-de-transitainer-s-a","status":"publish","type":"page","link":"https:\/\/transitainer.com\/fr\/condiciones-generales-de-contratacion-para-la-organizacion-de-transporte-de-mercancias-a-cargo-de-transitainer-s-a\/","title":{"rendered":"Conditions g\u00e9n\u00e9rales de contrat pour l&rsquo;organisation du transport de marchandises par Transitainer, S.A."},"content":{"rendered":"\n<h3 class=\"wp-block-heading\">1. Parties.<\/h3>\n\n\n\n<p>Transitainer SA est une soci\u00e9t\u00e9 de transport ou un commissaire qui, conform\u00e9ment aux instructions qu&rsquo;elle re\u00e7oit de tiers, assume l&rsquo;organisation du transport de marchandises sans utiliser ses propres v\u00e9hicules ou moyens de transport. Transitainer SA offre \u00e9galement d&rsquo;autres services li\u00e9s au transport, tels que l&rsquo;entreposage, le conseil en logistique ou l&rsquo;envoi de navires. Le client, d&rsquo;autre part, est la personne physique ou juridique qui contracte les services de Transitainer SA, et assume, selon le cas, le statut d&rsquo;exp\u00e9diteur, exp\u00e9diteur, exp\u00e9diteur, d\u00e9positaire, repr\u00e9sentant et \/ ou agent du propri\u00e9taire des marchandises.<\/p>\n\n\n\n<h3 class=\"wp-block-heading\">2. Application.<\/h3>\n\n\n\n<p>Tous les services de Transitainer SA sont r\u00e9glement\u00e9s par ces conditions g\u00e9n\u00e9rales de contrat, qui sont consid\u00e9r\u00e9es comme accept\u00e9es par le Client au moment de leur passation de contrat. Dans les cas o\u00f9 le Client, \u00e0 son tour, a offert de tels services \u00e0 des tiers, s&rsquo;engage \u00e0 leur transf\u00e9rer ces conditions g\u00e9n\u00e9rales de contrat.<\/p>\n\n\n\n<h3 class=\"wp-block-heading\">3. Description.<\/h3>\n\n\n\n<p>Le Client doit d\u00e9crire fid\u00e8lement les marchandises sp\u00e9cifiant, entre autres, leur nature, leurs marques, leur poids, leur nombre d&rsquo;unit\u00e9s ou de colis et leur volume, et s&rsquo;assurer qu&rsquo;elles r\u00e9pondent \u00e0 toutes les exigences l\u00e9gales. Le Client est responsable de toute perte, dommage, dommage, panne et\/ou sanction que l&rsquo;\u00e9ventuelle inexactitude de la description des marchandises peut provenir de tiers et\/ou de Transitainer SA.<\/p>\n\n\n\n<h3 class=\"wp-block-heading\">4. Emballage.<\/h3>\n\n\n\n<p>Le Client garantit que l&#8217;emballage utilis\u00e9 est correct et appropri\u00e9 pour prot\u00e9ger les marchandises pendant le transport, et sera responsable des dommages qu&rsquo;il peut causer aux personnes, aux marchandises propres et tierces, \u00e0 l&rsquo;\u00e9quipement de manutention, aux moyens de transport et\/ou \u00e0 tout autre bien.<\/p>\n\n\n\n<h3 class=\"wp-block-heading\">5. Ad valorem.<\/h3>\n\n\n\n<p>Le Client peut ajouter une d\u00e9claration de valeur des marchandises dans la facture du connaissement et dans la lettre de transport contre le paiement de la surtaxe correspondante qui, dans chaque cas, sera appliqu\u00e9e en temps opportun. Une telle d\u00e9claration est soumise \u00e0 l&rsquo;acceptation, dans chaque cas, par le transporteur.<\/p>\n\n\n\n<h3 class=\"wp-block-heading\">6. Assurance.<\/h3>\n\n\n\n<p>Le Client peut souscquer une assurance couvrant les dommages que les marchandises peuvent subir pendant le transport jusqu&rsquo;\u00e0 la limite de valeur de celle-ci. \u00c0 la demande, le Client peut demander par \u00e9crit de Transiter une soci\u00e9t\u00e9 de cette assurance, auquel cas il doit payer le montant correspondant.<\/p>\n\n\n\n<h3 class=\"wp-block-heading\">7. Charge fractionn\u00e9e.<\/h3>\n\n\n\n<p>Dans les transports de marchandises fractionnels, le transporteur et\/ou la ligne maritime peuvent examiner et, le cas \u00e9ch\u00e9ant, recalculer le volume et le poids lors de la r\u00e9ception des marchandises. Le Client s&rsquo;engage \u00e0 payer toute d\u00e9pense, p\u00e9nalit\u00e9 ou responsabilit\u00e9 r\u00e9sultant de la diff\u00e9rence de volume et de poids.<\/p>\n\n\n\n<h3 class=\"wp-block-heading\">8. Temps de transit.<\/h3>\n\n\n\n<p>Dans les cas o\u00f9 Transitainer SA communique au Client une estimation de la dur\u00e9e du temps de transit des marchandises, cette estimation est simplement indicative et n&rsquo;implique pas d&rsquo;engagement ou d&rsquo;obligation de transitain SA, sauf dans les cas o\u00f9 elle est garantie, express\u00e9ment et explicitement, au moment de la passation de contrat du service.<\/p>\n\n\n\n<h3 class=\"wp-block-heading\">9. Disponibilit\u00e9.<\/h3>\n\n\n\n<p>Tous nos services sont soumis \u00e0 la disponibilit\u00e9 de l&rsquo;espace, des v\u00e9hicules, des remorques et des conteneurs, ainsi qu&rsquo;\u00e0 l&rsquo;approbation des marchandises par le transporteur, le magasinier et\/ou la compagnie maritime.<\/p>\n\n\n\n<h3 class=\"wp-block-heading\">10. Sous-traitance.<\/h3>\n\n\n\n<p>Le Client autorise Transitainer SA \u00e0 s\u00e9lectionner et sous-traiter \u00e0 des tiers la r\u00e9alisation (dans toutes ses phases et modalit\u00e9s) du transport, des proc\u00e9dures administratives, de la manutention et du stockage des marchandises. Lorsque la sous-traitance a \u00e9t\u00e9 effectu\u00e9e \u00e0 des transporteurs, des compagnies maritimes et\/ou des exploitants qui ont \u00e9t\u00e9 express\u00e9ment d\u00e9sign\u00e9s par le client, Transitainer SA ne sera pas responsable de la performance de celle-ci. Transitainer SA n&rsquo;est pas responsable des instructions que le Client donne directement aux sous-traitants.<\/p>\n\n\n\n<h3 class=\"wp-block-heading\">11. Frais \u00e0 destination.<\/h3>\n\n\n\n<p>Toutes les exp\u00e9ditions sont assujetties \u00e0 un certain nombre de frais de destination qui ne sont pas inclus dans notre offre, comme les retards, les occupations, l&rsquo;entreposage, les frais et les p\u00e9nalit\u00e9s administratives ou douani\u00e8res.<\/p>\n\n\n\n<h3 class=\"wp-block-heading\">12. Douanes.<\/h3>\n\n\n\n<p>Toutes les formalit\u00e9s douani\u00e8res et les formalit\u00e9s non incluses dans l&rsquo;Offre seront aux frais du client et au risque, qui est n\u00e9cessaire pour indemniser Transitainer SA pour toute sanction, amende ou responsabilit\u00e9 qui en r\u00e9sulte.<\/p>\n\n\n\n<h3 class=\"wp-block-heading\">13. Interdictions.<\/h3>\n\n\n\n<p>Le Client reconna\u00eet et respecte l&rsquo;interdiction d&rsquo;envoyer des animaux et des plantes vivants, des explosifs, des armements, des cadavres et, en g\u00e9n\u00e9ral, des marchandises dont le transport et\/ou le trafic sont ou peuvent \u00eatre ill\u00e9gaux. En outre, les marchandises compos\u00e9es de v\u00e9hicules et de motocyclettes doivent \u00eatre livr\u00e9es avec le r\u00e9servoir d&rsquo;essence vide ou drain\u00e9 jusqu&rsquo;\u00e0 un maximum de 1\/8 de leur capacit\u00e9, et avec la batterie d\u00e9branch\u00e9e.<\/p>\n\n\n\n<h3 class=\"wp-block-heading\">14. Marchandises dangereuses.<\/h3>\n\n\n\n<p>Le chargement et l&rsquo;exp\u00e9dition de marchandises dangereuses et\/ou inflammables sont soumis \u00e0 l&rsquo;autorisation du transporteur, Il est de la responsabilit\u00e9 du client d&rsquo;informer Transitainer SA de la nature dangereuse des marchandises, des pr\u00e9cautions \u00e0 prendre, de fournir tous les documents r\u00e9glementaires et, en g\u00e9n\u00e9ral, de se conformer \u00e0 la r\u00e9glementation actuelle sur les marchandises dangereuses.<\/p>\n\n\n\n<h3 class=\"wp-block-heading\">15. Paiement.<\/h3>\n\n\n\n<p>Le paiement peut \u00eatre convenu \u00e0 l&rsquo;avance avant l&rsquo;ex\u00e9cution des services contractuels. En l&rsquo;absence d&rsquo;un pacte, le paiement sera effectu\u00e9 avec l&rsquo;\u00e9mission de la facture correspondante par Transitainer SA, auquel cas le Client encourra des arri\u00e9r\u00e9s le Client qui ne paie pas la facture dans les 30 jours suivant la r\u00e9ception du m\u00eame. En tout \u00e9tat de cause, le Client qui encaisse des arri\u00e9r\u00e9s doit payer le taux d&rsquo;int\u00e9r\u00eat l\u00e9gal par d\u00e9faut qui est la somme du taux d&rsquo;int\u00e9r\u00eat appliqu\u00e9 par la Banque centrale europ\u00e9enne major\u00e9 de huit points de pourcentage, ainsi qu&rsquo;un montant fixe de 40 euros, qui, en vertu de la loi et sans la n\u00e9cessit\u00e9 d&rsquo;une demande expresse, sera en tout cas ajout\u00e9 \u00e0 la dette principale.<\/p>\n\n\n\n<h3 class=\"wp-block-heading\">16. Droit de r\u00e9tention.<\/h3>\n\n\n\n<p>Sans porter atteinte au droit de r\u00e9tention pr\u00e9vu par la loi, en transit en transit en transit vers Transitainer SA, le Client autorise Transitainer SA \u00e0 conserver les marchandises lorsqu&rsquo;elle doit des factures liquides, en retard et ex\u00e9cutoires qui se rapportent \u00e0 ces marchandises, ou \u00e0 d&rsquo;autres marchandises dont le transport a \u00e9t\u00e9 effectu\u00e9 simultan\u00e9ment ou plus t\u00f4t. Si les marchandises sur lesquelles le droit de r\u00e9tention est exerc\u00e9 sont perdues ou d\u00e9truites, Transitainer SA aura droit de retenir le montant correspondant de l&rsquo;indemnisation \u00e0 verser par les assureurs, les transporteurs, etc.<\/p>\n\n\n\n<h3 class=\"wp-block-heading\">17. Disposition et\/ou destruction de biens.<\/h3>\n\n\n\n<p>Lorsque le Client ne retire pas les marchandises du lieu de livraison apr\u00e8s qu&rsquo;un d\u00e9lai raisonnable et raisonnable se soit \u00e9coul\u00e9, Transitainer SA peut, sur avis au Client, se d\u00e9barrasser des marchandises, les jeter ou les d\u00e9truire, afin d&rsquo;att\u00e9nuer davantage les d\u00e9penses et\/ou de compenser les biens d\u00e9j\u00e0 engag\u00e9s.<\/p>\n\n\n\n<h3 class=\"wp-block-heading\">18. Responsabilit\u00e9.<\/h3>\n\n\n\n<p>Transitainer SA ne peut, dans les cas pr\u00e9vus par la loi, \u00eatre responsable que des dommages mat\u00e9riels caus\u00e9s aux marchandises, \u00e0 l&rsquo;exclusion des dommages qui sont cons\u00e9quents, indirects et\/ou \u00e9conomiques. Toute action en justice que le Client peut ordonner aux employ\u00e9s et\/ou aux personnes \u00e0 charge de Transitainer SA, qu&rsquo;elle soit fixe ou temporaire, ne sera possible que dans les limites et dans les circonstances envisag\u00e9es dans ces conditions g\u00e9n\u00e9rales de contrat.<\/p>\n\n\n\n<h3 class=\"wp-block-heading\">19. Limitation de la responsabilit\u00e9.<\/h3>\n\n\n\n<p>Sauf en cas d&rsquo;inconduite volontaire ou de culpabilit\u00e9 grave, Transitainer SA ne peut pas encourir une responsabilit\u00e9 qui d\u00e9passe les limites l\u00e9gales suivantes : (1) Dans le transport terrestre, l&rsquo;entreposage et\/ou la manutention sur le territoire national, la somme de 4,5 euros par kilogramme de poids brut des biens endommag\u00e9s ou perdus. (2) Dans le transport terrestre international, le montant de 8,33 DTS par kilogramme de poids brut des marchandises endommag\u00e9es ou perdues. (3) Dans le transport international de marchandises par voie maritime, la quantit\u00e9 de 666,67 DTS par colis ou de 2 DTS par kilogramme de poids brut de marchandises endommag\u00e9es ou perdues. (4) Dans le transport a\u00e9rien de marchandises, la quantit\u00e9 de 17 DTS par kilogramme de poids brut de marchandises endommag\u00e9es ou perdues. Les droits de tirage sp\u00e9ciaux (DTS) sont une unit\u00e9 de compte d\u00e9finie par le Fonds mon\u00e9taire international.<\/p>\n\n\n\n<h3 class=\"wp-block-heading\">20. Comp\u00e9tence et droit applicable.<\/h3>\n\n\n\n<p>Les parties acceptent de soumettre \u00e0 l&rsquo;arbitrage du Conseil d&rsquo;arbitrage de Barcelone tous les litiges dont le montant ne d\u00e9passe pas 15.000 euros, et \u00e0 la juridiction des tribunaux de Barcelone de tous les litiges dont le montant d\u00e9passe 15.000 euros. La loi applicable doit, en tout \u00e9tat de cause, \u00eatre espagnole.<\/p>\n\n\n\n<h3 class=\"wp-block-heading\">21. Revendications.<\/h3>\n\n\n\n<p>Le Client doit r\u00e9pondre \u00e0 toute r\u00e9clamation par e-mail \u00e0 general@transitainer.com ou par la poste dans les bureaux de Transitainer SA sur Avda. Drassanes 6-8, \u00e9tage 13, 08001 Barcelone, indiquant le nombre d&rsquo;offre, facture et \/ ou conteneur.<\/p>\n","protected":false},"excerpt":{"rendered":"<p>1. Parties. Transitainer SA est une soci\u00e9t\u00e9 de transport ou un commissaire qui, conform\u00e9ment aux instructions qu&rsquo;elle re\u00e7oit de tiers, assume l&rsquo;organisation du transport de marchandises sans utiliser ses propres&#8230;<\/p>\n","protected":false},"author":1,"featured_media":0,"parent":0,"menu_order":0,"comment_status":"closed","ping_status":"closed","template":"","meta":{"footnotes":""},"class_list":["post-1141","page","type-page","status-publish"],"yoast_head":"<!-- This site is optimized with the Yoast SEO plugin v27.4 - https:\/\/yoast.com\/product\/yoast-seo-wordpress\/ -->\n<title>Conditions g\u00e9n\u00e9rales de contrat pour l&#039;organisation du transport de marchandises par Transitainer, S.A. - Transitainer<\/title>\n<meta name=\"description\" content=\"Condiciones Generales de Contrataci\u00f3n para la organizaci\u00f3n de transporte de mercanc\u00edas a cargo de Transitainer\" \/>\n<meta name=\"robots\" content=\"index, follow, max-snippet:-1, max-image-preview:large, max-video-preview:-1\" \/>\n<link rel=\"canonical\" href=\"https:\/\/transitainer.com\/fr\/condiciones-generales-de-contratacion-para-la-organizacion-de-transporte-de-mercancias-a-cargo-de-transitainer-s-a\/\" \/>\n<meta property=\"og:locale\" content=\"fr_FR\" \/>\n<meta property=\"og:type\" content=\"article\" \/>\n<meta property=\"og:title\" content=\"Conditions g\u00e9n\u00e9rales de contrat pour l&#039;organisation du transport de marchandises par Transitainer, S.A. - Transitainer\" \/>\n<meta property=\"og:description\" content=\"Condiciones Generales de Contrataci\u00f3n para la organizaci\u00f3n de transporte de mercanc\u00edas a cargo de Transitainer\" \/>\n<meta property=\"og:url\" content=\"https:\/\/transitainer.com\/fr\/condiciones-generales-de-contratacion-para-la-organizacion-de-transporte-de-mercancias-a-cargo-de-transitainer-s-a\/\" \/>\n<meta property=\"og:site_name\" content=\"Transitainer\" \/>\n<meta property=\"article:modified_time\" content=\"2026-02-17T15:55:22+00:00\" \/>\n<meta name=\"twitter:card\" content=\"summary_large_image\" \/>\n<meta name=\"twitter:label1\" content=\"Dur\u00e9e de lecture estim\u00e9e\" \/>\n\t<meta name=\"twitter:data1\" content=\"7 minutes\" \/>\n<script type=\"application\/ld+json\" class=\"yoast-schema-graph\">{\"@context\":\"https:\\\/\\\/schema.org\",\"@graph\":[{\"@type\":\"WebPage\",\"@id\":\"https:\\\/\\\/transitainer.com\\\/fr\\\/condiciones-generales-de-contratacion-para-la-organizacion-de-transporte-de-mercancias-a-cargo-de-transitainer-s-a\\\/\",\"url\":\"https:\\\/\\\/transitainer.com\\\/fr\\\/condiciones-generales-de-contratacion-para-la-organizacion-de-transporte-de-mercancias-a-cargo-de-transitainer-s-a\\\/\",\"name\":\"Conditions g\u00e9n\u00e9rales de contrat pour l'organisation du transport de marchandises par Transitainer, S.A. - Transitainer\",\"isPartOf\":{\"@id\":\"https:\\\/\\\/transitainer.com\\\/#website\"},\"datePublished\":\"2026-02-17T15:47:43+00:00\",\"dateModified\":\"2026-02-17T15:55:22+00:00\",\"description\":\"Condiciones Generales de Contrataci\u00f3n para la organizaci\u00f3n de transporte de mercanc\u00edas a cargo de Transitainer\",\"breadcrumb\":{\"@id\":\"https:\\\/\\\/transitainer.com\\\/fr\\\/condiciones-generales-de-contratacion-para-la-organizacion-de-transporte-de-mercancias-a-cargo-de-transitainer-s-a\\\/#breadcrumb\"},\"inLanguage\":\"fr-FR\",\"potentialAction\":[{\"@type\":\"ReadAction\",\"target\":[\"https:\\\/\\\/transitainer.com\\\/fr\\\/condiciones-generales-de-contratacion-para-la-organizacion-de-transporte-de-mercancias-a-cargo-de-transitainer-s-a\\\/\"]}]},{\"@type\":\"BreadcrumbList\",\"@id\":\"https:\\\/\\\/transitainer.com\\\/fr\\\/condiciones-generales-de-contratacion-para-la-organizacion-de-transporte-de-mercancias-a-cargo-de-transitainer-s-a\\\/#breadcrumb\",\"itemListElement\":[{\"@type\":\"ListItem\",\"position\":1,\"name\":\"Home\",\"item\":\"https:\\\/\\\/transitainer.com\\\/fr\\\/\"},{\"@type\":\"ListItem\",\"position\":2,\"name\":\"Conditions g\u00e9n\u00e9rales de contrat pour l&#8217;organisation du transport de marchandises par Transitainer, S.A.\"}]},{\"@type\":\"WebSite\",\"@id\":\"https:\\\/\\\/transitainer.com\\\/#website\",\"url\":\"https:\\\/\\\/transitainer.com\\\/\",\"name\":\"Transitainer\",\"description\":\"\",\"publisher\":{\"@id\":\"https:\\\/\\\/transitainer.com\\\/#organization\"},\"potentialAction\":[{\"@type\":\"SearchAction\",\"target\":{\"@type\":\"EntryPoint\",\"urlTemplate\":\"https:\\\/\\\/transitainer.com\\\/?s={search_term_string}\"},\"query-input\":{\"@type\":\"PropertyValueSpecification\",\"valueRequired\":true,\"valueName\":\"search_term_string\"}}],\"inLanguage\":\"fr-FR\"},{\"@type\":\"Organization\",\"@id\":\"https:\\\/\\\/transitainer.com\\\/#organization\",\"name\":\"Transitainer\",\"url\":\"https:\\\/\\\/transitainer.com\\\/\",\"logo\":{\"@type\":\"ImageObject\",\"inLanguage\":\"fr-FR\",\"@id\":\"https:\\\/\\\/transitainer.com\\\/#\\\/schema\\\/logo\\\/image\\\/\",\"url\":\"https:\\\/\\\/transitainer.com\\\/wp-content\\\/uploads\\\/2025\\\/09\\\/LOGO-RETINA.png\",\"contentUrl\":\"https:\\\/\\\/transitainer.com\\\/wp-content\\\/uploads\\\/2025\\\/09\\\/LOGO-RETINA.png\",\"width\":1000,\"height\":216,\"caption\":\"Transitainer\"},\"image\":{\"@id\":\"https:\\\/\\\/transitainer.com\\\/#\\\/schema\\\/logo\\\/image\\\/\"}}]}<\/script>\n<!-- \/ Yoast SEO plugin. -->","yoast_head_json":{"title":"Conditions g\u00e9n\u00e9rales de contrat pour l'organisation du transport de marchandises par Transitainer, S.A. - Transitainer","description":"Condiciones Generales de Contrataci\u00f3n para la organizaci\u00f3n de transporte de mercanc\u00edas a cargo de Transitainer","robots":{"index":"index","follow":"follow","max-snippet":"max-snippet:-1","max-image-preview":"max-image-preview:large","max-video-preview":"max-video-preview:-1"},"canonical":"https:\/\/transitainer.com\/fr\/condiciones-generales-de-contratacion-para-la-organizacion-de-transporte-de-mercancias-a-cargo-de-transitainer-s-a\/","og_locale":"fr_FR","og_type":"article","og_title":"Conditions g\u00e9n\u00e9rales de contrat pour l'organisation du transport de marchandises par Transitainer, S.A. - Transitainer","og_description":"Condiciones Generales de Contrataci\u00f3n para la organizaci\u00f3n de transporte de mercanc\u00edas a cargo de Transitainer","og_url":"https:\/\/transitainer.com\/fr\/condiciones-generales-de-contratacion-para-la-organizacion-de-transporte-de-mercancias-a-cargo-de-transitainer-s-a\/","og_site_name":"Transitainer","article_modified_time":"2026-02-17T15:55:22+00:00","twitter_card":"summary_large_image","twitter_misc":{"Dur\u00e9e de lecture estim\u00e9e":"7 minutes"},"schema":{"@context":"https:\/\/schema.org","@graph":[{"@type":"WebPage","@id":"https:\/\/transitainer.com\/fr\/condiciones-generales-de-contratacion-para-la-organizacion-de-transporte-de-mercancias-a-cargo-de-transitainer-s-a\/","url":"https:\/\/transitainer.com\/fr\/condiciones-generales-de-contratacion-para-la-organizacion-de-transporte-de-mercancias-a-cargo-de-transitainer-s-a\/","name":"Conditions g\u00e9n\u00e9rales de contrat pour l'organisation du transport de marchandises par Transitainer, S.A. - Transitainer","isPartOf":{"@id":"https:\/\/transitainer.com\/#website"},"datePublished":"2026-02-17T15:47:43+00:00","dateModified":"2026-02-17T15:55:22+00:00","description":"Condiciones Generales de Contrataci\u00f3n para la organizaci\u00f3n de transporte de mercanc\u00edas a cargo de Transitainer","breadcrumb":{"@id":"https:\/\/transitainer.com\/fr\/condiciones-generales-de-contratacion-para-la-organizacion-de-transporte-de-mercancias-a-cargo-de-transitainer-s-a\/#breadcrumb"},"inLanguage":"fr-FR","potentialAction":[{"@type":"ReadAction","target":["https:\/\/transitainer.com\/fr\/condiciones-generales-de-contratacion-para-la-organizacion-de-transporte-de-mercancias-a-cargo-de-transitainer-s-a\/"]}]},{"@type":"BreadcrumbList","@id":"https:\/\/transitainer.com\/fr\/condiciones-generales-de-contratacion-para-la-organizacion-de-transporte-de-mercancias-a-cargo-de-transitainer-s-a\/#breadcrumb","itemListElement":[{"@type":"ListItem","position":1,"name":"Home","item":"https:\/\/transitainer.com\/fr\/"},{"@type":"ListItem","position":2,"name":"Conditions g\u00e9n\u00e9rales de contrat pour l&#8217;organisation du transport de marchandises par Transitainer, S.A."}]},{"@type":"WebSite","@id":"https:\/\/transitainer.com\/#website","url":"https:\/\/transitainer.com\/","name":"Transitainer","description":"","publisher":{"@id":"https:\/\/transitainer.com\/#organization"},"potentialAction":[{"@type":"SearchAction","target":{"@type":"EntryPoint","urlTemplate":"https:\/\/transitainer.com\/?s={search_term_string}"},"query-input":{"@type":"PropertyValueSpecification","valueRequired":true,"valueName":"search_term_string"}}],"inLanguage":"fr-FR"},{"@type":"Organization","@id":"https:\/\/transitainer.com\/#organization","name":"Transitainer","url":"https:\/\/transitainer.com\/","logo":{"@type":"ImageObject","inLanguage":"fr-FR","@id":"https:\/\/transitainer.com\/#\/schema\/logo\/image\/","url":"https:\/\/transitainer.com\/wp-content\/uploads\/2025\/09\/LOGO-RETINA.png","contentUrl":"https:\/\/transitainer.com\/wp-content\/uploads\/2025\/09\/LOGO-RETINA.png","width":1000,"height":216,"caption":"Transitainer"},"image":{"@id":"https:\/\/transitainer.com\/#\/schema\/logo\/image\/"}}]}},"_links":{"self":[{"href":"https:\/\/transitainer.com\/fr\/wp-json\/wp\/v2\/pages\/1141","targetHints":{"allow":["GET"]}}],"collection":[{"href":"https:\/\/transitainer.com\/fr\/wp-json\/wp\/v2\/pages"}],"about":[{"href":"https:\/\/transitainer.com\/fr\/wp-json\/wp\/v2\/types\/page"}],"author":[{"embeddable":true,"href":"https:\/\/transitainer.com\/fr\/wp-json\/wp\/v2\/users\/1"}],"replies":[{"embeddable":true,"href":"https:\/\/transitainer.com\/fr\/wp-json\/wp\/v2\/comments?post=1141"}],"version-history":[{"count":0,"href":"https:\/\/transitainer.com\/fr\/wp-json\/wp\/v2\/pages\/1141\/revisions"}],"wp:attachment":[{"href":"https:\/\/transitainer.com\/fr\/wp-json\/wp\/v2\/media?parent=1141"}],"curies":[{"name":"wp","href":"https:\/\/api.w.org\/{rel}","templated":true}]}}